{"id":1123,"date":"2025-05-15T18:51:19","date_gmt":"2025-05-15T18:51:19","guid":{"rendered":"https:\/\/pausaprocafeoficial.com.br\/?page_id=1123"},"modified":"2025-07-14T16:02:27","modified_gmt":"2025-07-14T16:02:27","slug":"b","status":"publish","type":"page","link":"https:\/\/pausaprocafeoficial.com.br\/en\/b\/","title":{"rendered":"PRODUTIVIDADE E GEST\u00c3O DO TEMPO"},"content":{"rendered":"<div data-elementor-type=\"wp-page\" data-elementor-id=\"1123\" class=\"elementor elementor-1123\" data-elementor-post-type=\"page\">\n\t\t\t\t<div class=\"elementor-element elementor-element-4d5e7bf e-flex e-con-boxed wpr-particle-no wpr-jarallax-no wpr-parallax-no wpr-sticky-section-no wpr-equal-height-no e-con e-parent\" data-id=\"4d5e7bf\" data-element_type=\"container\" data-e-type=\"container\" data-settings=\"{&quot;background_background&quot;:&quot;classic&quot;}\">\n\t\t\t\t\t<div class=\"e-con-inner\">\n\t\t\t\t<div class=\"elementor-element elementor-element-63e01e4 elementor-widget elementor-widget-heading\" data-id=\"63e01e4\" data-element_type=\"widget\" data-e-type=\"widget\" data-widget_type=\"heading.default\">\n\t\t\t\t<div class=\"elementor-widget-container\">\n\t\t\t\t\t<h2 class=\"elementor-heading-title elementor-size-default\">PRODUTIVIDADE E GEST\u00c3O DO TEMPO<\/h2>\t\t\t\t<\/div>\n\t\t\t\t<\/div>\n\t\t\t\t<div class=\"elementor-element elementor-element-6c98faa elementor-grid-4 elementor-grid-tablet-2 elementor-grid-mobile-1 elementor-posts--thumbnail-top elementor-widget elementor-widget-posts\" data-id=\"6c98faa\" data-element_type=\"widget\" data-e-type=\"widget\" data-settings=\"{&quot;classic_columns&quot;:&quot;4&quot;,&quot;classic_columns_tablet&quot;:&quot;2&quot;,&quot;classic_columns_mobile&quot;:&quot;1&quot;,&quot;classic_row_gap&quot;:{&quot;unit&quot;:&quot;px&quot;,&quot;size&quot;:35,&quot;sizes&quot;:[]},&quot;classic_row_gap_laptop&quot;:{&quot;unit&quot;:&quot;px&quot;,&quot;size&quot;:&quot;&quot;,&quot;sizes&quot;:[]},&quot;classic_row_gap_tablet&quot;:{&quot;unit&quot;:&quot;px&quot;,&quot;size&quot;:&quot;&quot;,&quot;sizes&quot;:[]},&quot;classic_row_gap_mobile&quot;:{&quot;unit&quot;:&quot;px&quot;,&quot;size&quot;:&quot;&quot;,&quot;sizes&quot;:[]}}\" data-widget_type=\"posts.classic\">\n\t\t\t\t<div class=\"elementor-widget-container\">\n\t\t\t\t\t\t\t<div class=\"elementor-posts-container elementor-posts elementor-posts--skin-classic elementor-grid\">\n\t\t\t\t<article class=\"elementor-post elementor-grid-item post-2580 post type-post status-publish format-standard has-post-thumbnail hentry category-blog category-economia-e-negocios category-empreendedorismo category-empreendedorismo-e-gestao category-estrategia-e-gestao category-ferramentas-para-gestao category-licoes-de-vida category-marketing-e-negocios category-mentalidade-e-crescimento category-negocios-e-vendas category-produtividade-e-gestao-do-tempo tag-a-importancia-de-testar-antes-de-construir tag-a-startup-enxuta-eric-ries tag-aprendizado-validado tag-aprendizado-validado-no-empreendedorismo tag-autoconfianca tag-autocontrole tag-como-aplicar-o-metodo-lean-startup-na-pratica tag-como-criar-um-mvp-para-validar-sua-startup tag-como-evitar-desperdicio-ao-lancar-um-novo-produto-ou-servico tag-como-pivotar-uma-startup-de-forma-estrategica tag-como-testar-ideias-antes-de-lancar-um-produto tag-diferenca-entre-metricas-de-vaidade-e-metricas-acionaveis tag-empreendedorismo tag-empreendedorismo-inteligente tag-eric-ries tag-estrategias-para-startups-crescerem-com-pouco-investimento tag-gestao-enxuta tag-inovacao-em-startups tag-lean-startup tag-medir-e-aprender tag-mentalidade-lean tag-modelo-de-gestao-para-startups-inovadoras tag-modelo-de-negocios-para-startups tag-mvp-produto-minimo-viavel tag-o-que-e-uma-startup-segundo-eric-ries tag-pivotar-ou-perseverar tag-resumo-do-livro-a-startup-enxuta-capitulo-por-capitulo tag-startup-de-sucesso tag-teste-de-hipoteses\">\n\t\t\t\t<a class=\"elementor-post__thumbnail__link\" href=\"https:\/\/pausaprocafeoficial.com.br\/en\/resumo-do-livro-a-startup-enxuta-eric-ries\/\" tabindex=\"-1\" >\n\t\t\t<div class=\"elementor-post__thumbnail\"><img fetchpriority=\"high\" decoding=\"async\" width=\"206\" height=\"300\" src=\"https:\/\/pausaprocafeoficial.com.br\/wp-content\/uploads\/2023\/04\/A-Startup-Enxuta-\u2013-Eric-Ries-206x300.jpg\" class=\"attachment-medium size-medium wp-image-1362\" alt=\"\" srcset=\"https:\/\/pausaprocafeoficial.com.br\/wp-content\/uploads\/2023\/04\/A-Startup-Enxuta-\u2013-Eric-Ries-206x300.jpg 206w, https:\/\/pausaprocafeoficial.com.br\/wp-content\/uploads\/2023\/04\/A-Startup-Enxuta-\u2013-Eric-Ries-703x1024.jpg 703w, https:\/\/pausaprocafeoficial.com.br\/wp-content\/uploads\/2023\/04\/A-Startup-Enxuta-\u2013-Eric-Ries-768x1118.jpg 768w, https:\/\/pausaprocafeoficial.com.br\/wp-content\/uploads\/2023\/04\/A-Startup-Enxuta-\u2013-Eric-Ries-1055x1536.jpg 1055w, https:\/\/pausaprocafeoficial.com.br\/wp-content\/uploads\/2023\/04\/A-Startup-Enxuta-\u2013-Eric-Ries-1406x2048.jpg 1406w, https:\/\/pausaprocafeoficial.com.br\/wp-content\/uploads\/2023\/04\/A-Startup-Enxuta-\u2013-Eric-Ries-8x12.jpg 8w, https:\/\/pausaprocafeoficial.com.br\/wp-content\/uploads\/2023\/04\/A-Startup-Enxuta-\u2013-Eric-Ries.jpg 1758w\" sizes=\"(max-width: 206px) 100vw, 206px\" \/><\/div>\n\t\t<\/a>\n\t\t\t\t<div class=\"elementor-post__text\">\n\t\t\t\t<\/div>\n\t\t\t\t<\/article>\n\t\t\t\t<article class=\"elementor-post elementor-grid-item post-70 post type-post status-publish format-standard has-post-thumbnail hentry category-desenvolvimento-pessoal category-licoes-de-vida category-mentalidade-e-crescimento category-mentalidade-financeira category-produtividade-e-gestao-do-tempo tag-acao tag-autoconfianca tag-autocontrole tag-clareza-de-proposito tag-lei-do-triunfo tag-mastermind tag-pensamento-preciso tag-personalidade-agradavel tag-sucesso\">\n\t\t\t\t<a class=\"elementor-post__thumbnail__link\" href=\"https:\/\/pausaprocafeoficial.com.br\/en\/why-car-subscription-services-are-rapidly-gaining-popularity\/\" tabindex=\"-1\" >\n\t\t\t<div class=\"elementor-post__thumbnail\"><img decoding=\"async\" width=\"202\" height=\"300\" src=\"https:\/\/pausaprocafeoficial.com.br\/wp-content\/uploads\/2025\/01\/123-202x300.jpg\" class=\"attachment-medium size-medium wp-image-1085\" alt=\"\" srcset=\"https:\/\/pausaprocafeoficial.com.br\/wp-content\/uploads\/2025\/01\/123-202x300.jpg 202w, https:\/\/pausaprocafeoficial.com.br\/wp-content\/uploads\/2025\/01\/123.jpg 673w\" sizes=\"(max-width: 202px) 100vw, 202px\" \/><\/div>\n\t\t<\/a>\n\t\t\t\t<div class=\"elementor-post__text\">\n\t\t\t\t<\/div>\n\t\t\t\t<\/article>\n\t\t\t\t<\/div>\n\t\t\n\t\t\t\t\t\t<\/div>\n\t\t\t\t<\/div>\n\t\t\t\t\t<\/div>\n\t\t\t\t<\/div>\n\t\t<div class=\"elementor-element elementor-element-d4c7717 e-flex e-con-boxed wpr-particle-no wpr-jarallax-no wpr-parallax-no wpr-sticky-section-no wpr-equal-height-no e-con e-parent\" data-id=\"d4c7717\" data-element_type=\"container\" data-e-type=\"container\" data-settings=\"{&quot;background_background&quot;:&quot;classic&quot;}\">\n\t\t\t\t\t<div class=\"e-con-inner\">\n\t\t\t\t<div class=\"elementor-element elementor-element-44946e3 elementor-widget elementor-widget-heading\" data-id=\"44946e3\" data-element_type=\"widget\" data-e-type=\"widget\" data-widget_type=\"heading.default\">\n\t\t\t\t<div class=\"elementor-widget-container\">\n\t\t\t\t\t<h2 class=\"elementor-heading-title elementor-size-default\">T\u00c9CNICAS DE ORGANIZA\u00c7\u00c3O<\/h2>\t\t\t\t<\/div>\n\t\t\t\t<\/div>\n\t\t\t\t\t<\/div>\n\t\t\t\t<\/div>\n\t\t<div class=\"elementor-element elementor-element-957d7c3 e-flex e-con-boxed wpr-particle-no wpr-jarallax-no wpr-parallax-no wpr-sticky-section-no wpr-equal-height-no e-con e-parent\" data-id=\"957d7c3\" data-element_type=\"container\" data-e-type=\"container\" data-settings=\"{&quot;background_background&quot;:&quot;classic&quot;}\">\n\t\t\t\t\t<div class=\"e-con-inner\">\n\t\t\t\t<div class=\"elementor-element elementor-element-20e2ca6 elementor-widget elementor-widget-heading\" data-id=\"20e2ca6\" data-element_type=\"widget\" data-e-type=\"widget\" data-widget_type=\"heading.default\">\n\t\t\t\t<div class=\"elementor-widget-container\">\n\t\t\t\t\t<h2 class=\"elementor-heading-title elementor-size-default\">M\u00c9TODOS DE PRODUTIVIDADE<\/h2>\t\t\t\t<\/div>\n\t\t\t\t<\/div>\n\t\t\t\t\t<\/div>\n\t\t\t\t<\/div>\n\t\t\t\t<\/div>","protected":false},"excerpt":{"rendered":"<p>PRODUTIVIDADE E GEST\u00c3O DO TEMPO T\u00c9CNICAS DE ORGANIZA\u00c7\u00c3O M\u00c9TODOS DE PRODUTIVIDADE<\/p>","protected":false},"author":1,"featured_media":0,"parent":0,"menu_order":0,"comment_status":"closed","ping_status":"closed","template":"","meta":{"googlesitekit_rrm_CAowhsLbCw:productID":"","footnotes":""},"class_list":["post-1123","page","type-page","status-publish","hentry"],"yoast_head":"<!-- This site is optimized with the Yoast SEO plugin v27.2 - https:\/\/yoast.com\/product\/yoast-seo-wordpress\/ -->\n<title>PRODUTIVIDADE E GEST\u00c3O DO TEMPO - Pausa Pro Caf\u00e9<\/title>\n<meta name=\"robots\" content=\"index, follow, max-snippet:-1, max-image-preview:large, max-video-preview:-1\" \/>\n<link rel=\"canonical\" href=\"https:\/\/pausaprocafeoficial.com.br\/en\/b\/\" \/>\n<meta property=\"og:locale\" content=\"en_US\" \/>\n<meta property=\"og:type\" content=\"article\" \/>\n<meta property=\"og:title\" content=\"PRODUTIVIDADE E GEST\u00c3O DO TEMPO - Pausa Pro Caf\u00e9\" \/>\n<meta property=\"og:description\" content=\"PRODUTIVIDADE E GEST\u00c3O DO TEMPO T\u00c9CNICAS DE ORGANIZA\u00c7\u00c3O M\u00c9TODOS DE PRODUTIVIDADE\" \/>\n<meta property=\"og:url\" content=\"https:\/\/pausaprocafeoficial.com.br\/en\/b\/\" \/>\n<meta property=\"og:site_name\" content=\"Pausa Pro Caf\u00e9\" \/>\n<meta property=\"article:modified_time\" content=\"2025-07-14T16:02:27+00:00\" \/>\n<meta name=\"twitter:card\" content=\"summary_large_image\" \/>\n<meta name=\"twitter:label1\" content=\"Est. reading time\" \/>\n\t<meta name=\"twitter:data1\" content=\"1 minute\" \/>\n<script type=\"application\/ld+json\" class=\"yoast-schema-graph\">{\"@context\":\"https:\/\/schema.org\",\"@graph\":[{\"@type\":\"WebPage\",\"@id\":\"https:\/\/pausaprocafeoficial.com.br\/b\/\",\"url\":\"https:\/\/pausaprocafeoficial.com.br\/b\/\",\"name\":\"PRODUTIVIDADE E GEST\u00c3O DO TEMPO - Pausa Pro Caf\u00e9\",\"isPartOf\":{\"@id\":\"https:\/\/pausaprocafeoficial.com.br\/#website\"},\"datePublished\":\"2025-05-15T18:51:19+00:00\",\"dateModified\":\"2025-07-14T16:02:27+00:00\",\"breadcrumb\":{\"@id\":\"https:\/\/pausaprocafeoficial.com.br\/b\/#breadcrumb\"},\"inLanguage\":\"en-US\",\"potentialAction\":[{\"@type\":\"ReadAction\",\"target\":[\"https:\/\/pausaprocafeoficial.com.br\/b\/\"]}]},{\"@type\":\"BreadcrumbList\",\"@id\":\"https:\/\/pausaprocafeoficial.com.br\/b\/#breadcrumb\",\"itemListElement\":[{\"@type\":\"ListItem\",\"position\":1,\"name\":\"Home\",\"item\":\"https:\/\/pausaprocafeoficial.com.br\/\"},{\"@type\":\"ListItem\",\"position\":2,\"name\":\"PRODUTIVIDADE E GEST\u00c3O DO TEMPO\"}]},{\"@type\":\"WebSite\",\"@id\":\"https:\/\/pausaprocafeoficial.com.br\/#website\",\"url\":\"https:\/\/pausaprocafeoficial.com.br\/\",\"name\":\"Pausa Pro Caf\u00e9\",\"description\":\"O pausa pro caf\u00e9 \u00e9 o lugar onde conhecimento se transforma em a\u00e7\u00e3o. Toda semana, entregamos resumos diretos ao ponto dos livros mais impactantes do mundo, com linguagem acess\u00edvel, aplica\u00e7\u00e3o pr\u00e1tica e foco no que realmente importa: te fazer crescer. Se voc\u00ea busca desenvolvimento pessoal, produtividade, mentalidade ou estrat\u00e9gias de neg\u00f3cios, aqui \u00e9 seu ponto de partida.\",\"potentialAction\":[{\"@type\":\"SearchAction\",\"target\":{\"@type\":\"EntryPoint\",\"urlTemplate\":\"https:\/\/pausaprocafeoficial.com.br\/?s={search_term_string}\"},\"query-input\":{\"@type\":\"PropertyValueSpecification\",\"valueRequired\":true,\"valueName\":\"search_term_string\"}}],\"inLanguage\":\"en-US\"}]}<\/script>\n<!-- \/ Yoast SEO plugin. -->","yoast_head_json":{"title":"PRODUTIVIDADE E GEST\u00c3O DO TEMPO - Pausa Pro Caf\u00e9","robots":{"index":"index","follow":"follow","max-snippet":"max-snippet:-1","max-image-preview":"max-image-preview:large","max-video-preview":"max-video-preview:-1"},"canonical":"https:\/\/pausaprocafeoficial.com.br\/en\/b\/","og_locale":"en_US","og_type":"article","og_title":"PRODUTIVIDADE E GEST\u00c3O DO TEMPO - Pausa Pro Caf\u00e9","og_description":"PRODUTIVIDADE E GEST\u00c3O DO TEMPO T\u00c9CNICAS DE ORGANIZA\u00c7\u00c3O M\u00c9TODOS DE PRODUTIVIDADE","og_url":"https:\/\/pausaprocafeoficial.com.br\/en\/b\/","og_site_name":"Pausa Pro Caf\u00e9","article_modified_time":"2025-07-14T16:02:27+00:00","twitter_card":"summary_large_image","twitter_misc":{"Est. reading time":"1 minute"},"schema":{"@context":"https:\/\/schema.org","@graph":[{"@type":"WebPage","@id":"https:\/\/pausaprocafeoficial.com.br\/b\/","url":"https:\/\/pausaprocafeoficial.com.br\/b\/","name":"PRODUTIVIDADE E GEST\u00c3O DO TEMPO - Pausa Pro Caf\u00e9","isPartOf":{"@id":"https:\/\/pausaprocafeoficial.com.br\/#website"},"datePublished":"2025-05-15T18:51:19+00:00","dateModified":"2025-07-14T16:02:27+00:00","breadcrumb":{"@id":"https:\/\/pausaprocafeoficial.com.br\/b\/#breadcrumb"},"inLanguage":"en-US","potentialAction":[{"@type":"ReadAction","target":["https:\/\/pausaprocafeoficial.com.br\/b\/"]}]},{"@type":"BreadcrumbList","@id":"https:\/\/pausaprocafeoficial.com.br\/b\/#breadcrumb","itemListElement":[{"@type":"ListItem","position":1,"name":"Home","item":"https:\/\/pausaprocafeoficial.com.br\/"},{"@type":"ListItem","position":2,"name":"PRODUTIVIDADE E GEST\u00c3O DO TEMPO"}]},{"@type":"WebSite","@id":"https:\/\/pausaprocafeoficial.com.br\/#website","url":"https:\/\/pausaprocafeoficial.com.br\/","name":"Pausa Pro Caf\u00e9","description":"O pausa pro caf\u00e9 \u00e9 o lugar onde conhecimento se transforma em a\u00e7\u00e3o. Toda semana, entregamos resumos diretos ao ponto dos livros mais impactantes do mundo, com linguagem acess\u00edvel, aplica\u00e7\u00e3o pr\u00e1tica e foco no que realmente importa: te fazer crescer. Se voc\u00ea busca desenvolvimento pessoal, produtividade, mentalidade ou estrat\u00e9gias de neg\u00f3cios, aqui \u00e9 seu ponto de partida.","potentialAction":[{"@type":"SearchAction","target":{"@type":"EntryPoint","urlTemplate":"https:\/\/pausaprocafeoficial.com.br\/?s={search_term_string}"},"query-input":{"@type":"PropertyValueSpecification","valueRequired":true,"valueName":"search_term_string"}}],"inLanguage":"en-US"}]}},"_links":{"self":[{"href":"https:\/\/pausaprocafeoficial.com.br\/en\/wp-json\/wp\/v2\/pages\/1123","targetHints":{"allow":["GET"]}}],"collection":[{"href":"https:\/\/pausaprocafeoficial.com.br\/en\/wp-json\/wp\/v2\/pages"}],"about":[{"href":"https:\/\/pausaprocafeoficial.com.br\/en\/wp-json\/wp\/v2\/types\/page"}],"author":[{"embeddable":true,"href":"https:\/\/pausaprocafeoficial.com.br\/en\/wp-json\/wp\/v2\/users\/1"}],"replies":[{"embeddable":true,"href":"https:\/\/pausaprocafeoficial.com.br\/en\/wp-json\/wp\/v2\/comments?post=1123"}],"version-history":[{"count":30,"href":"https:\/\/pausaprocafeoficial.com.br\/en\/wp-json\/wp\/v2\/pages\/1123\/revisions"}],"predecessor-version":[{"id":2902,"href":"https:\/\/pausaprocafeoficial.com.br\/en\/wp-json\/wp\/v2\/pages\/1123\/revisions\/2902"}],"wp:attachment":[{"href":"https:\/\/pausaprocafeoficial.com.br\/en\/wp-json\/wp\/v2\/media?parent=1123"}],"curies":[{"name":"wp","href":"https:\/\/api.w.org\/{rel}","templated":true}]}}