{"id":1129,"date":"2025-05-15T18:52:07","date_gmt":"2025-05-15T18:52:07","guid":{"rendered":"https:\/\/pausaprocafeoficial.com.br\/?page_id=1129"},"modified":"2025-07-14T19:32:17","modified_gmt":"2025-07-14T19:32:17","slug":"aaaa","status":"publish","type":"page","link":"https:\/\/pausaprocafeoficial.com.br\/en\/aaaa\/","title":{"rendered":"FINAN\u00c7AS E INVESTIMENTOS"},"content":{"rendered":"<div data-elementor-type=\"wp-page\" data-elementor-id=\"1129\" class=\"elementor elementor-1129\" data-elementor-post-type=\"page\">\n\t\t\t\t<div class=\"elementor-element elementor-element-15a7f5b e-flex e-con-boxed wpr-particle-no wpr-jarallax-no wpr-parallax-no wpr-sticky-section-no wpr-equal-height-no e-con e-parent\" data-id=\"15a7f5b\" data-element_type=\"container\" data-e-type=\"container\" data-settings=\"{&quot;background_background&quot;:&quot;classic&quot;}\">\n\t\t\t\t\t<div class=\"e-con-inner\">\n\t\t\t\t<div class=\"elementor-element elementor-element-ce4f36f elementor-widget elementor-widget-heading\" data-id=\"ce4f36f\" data-element_type=\"widget\" data-e-type=\"widget\" data-widget_type=\"heading.default\">\n\t\t\t\t<div class=\"elementor-widget-container\">\n\t\t\t\t\t<h2 class=\"elementor-heading-title elementor-size-default\">FINAN\u00c7AS E INVESTIMENTO<\/h2>\t\t\t\t<\/div>\n\t\t\t\t<\/div>\n\t\t\t\t<div class=\"elementor-element elementor-element-ebc8a1f elementor-grid-4 elementor-grid-tablet-2 elementor-grid-mobile-1 elementor-posts--thumbnail-top elementor-widget elementor-widget-posts\" data-id=\"ebc8a1f\" data-element_type=\"widget\" data-e-type=\"widget\" data-settings=\"{&quot;classic_columns&quot;:&quot;4&quot;,&quot;classic_row_gap&quot;:{&quot;unit&quot;:&quot;px&quot;,&quot;size&quot;:20,&quot;sizes&quot;:[]},&quot;classic_columns_tablet&quot;:&quot;2&quot;,&quot;classic_columns_mobile&quot;:&quot;1&quot;,&quot;classic_row_gap_laptop&quot;:{&quot;unit&quot;:&quot;px&quot;,&quot;size&quot;:&quot;&quot;,&quot;sizes&quot;:[]},&quot;classic_row_gap_tablet&quot;:{&quot;unit&quot;:&quot;px&quot;,&quot;size&quot;:&quot;&quot;,&quot;sizes&quot;:[]},&quot;classic_row_gap_mobile&quot;:{&quot;unit&quot;:&quot;px&quot;,&quot;size&quot;:&quot;&quot;,&quot;sizes&quot;:[]}}\" data-widget_type=\"posts.classic\">\n\t\t\t\t<div class=\"elementor-widget-container\">\n\t\t\t\t\t\t\t<div class=\"elementor-posts-container elementor-posts elementor-posts--skin-classic elementor-grid\">\n\t\t\t\t<article class=\"elementor-post elementor-grid-item post-1062 post type-post status-publish format-standard has-post-thumbnail hentry category-desenvolvimento-pessoal category-filosofia-e-reflexoes category-historias-de-sucesso category-mentalidade-e-crescimento category-mentalidade-financeira tag-acao tag-autoconfianca tag-autocontrole tag-clareza-de-proposito tag-concentracao tag-entusiasmo tag-fazer-mais-do-que-o-pago tag-imaginacao tag-iniciativa tag-lideranca tag-napoleon-hill tag-pensamento-preciso tag-personalidade-magnetica tag-sucesso\">\n\t\t\t\t<a class=\"elementor-post__thumbnail__link\" href=\"https:\/\/pausaprocafeoficial.com.br\/en\/as-16-leis-do-sucesso-napoleon-hill\/\" tabindex=\"-1\" >\n\t\t\t<div class=\"elementor-post__thumbnail\"><img fetchpriority=\"high\" decoding=\"async\" width=\"199\" height=\"300\" src=\"https:\/\/pausaprocafeoficial.com.br\/wp-content\/uploads\/2025\/05\/345-199x300.jpg\" class=\"attachment-medium size-medium wp-image-1087\" alt=\"\" srcset=\"https:\/\/pausaprocafeoficial.com.br\/wp-content\/uploads\/2025\/05\/345-199x300.jpg 199w, https:\/\/pausaprocafeoficial.com.br\/wp-content\/uploads\/2025\/05\/345.jpg 662w\" sizes=\"(max-width: 199px) 100vw, 199px\" \/><\/div>\n\t\t<\/a>\n\t\t\t\t<div class=\"elementor-post__text\">\n\t\t\t\t<\/div>\n\t\t\t\t<\/article>\n\t\t\t\t<article class=\"elementor-post elementor-grid-item post-70 post type-post status-publish format-standard has-post-thumbnail hentry category-desenvolvimento-pessoal category-licoes-de-vida category-mentalidade-e-crescimento category-mentalidade-financeira category-produtividade-e-gestao-do-tempo tag-acao tag-autoconfianca tag-autocontrole tag-clareza-de-proposito tag-lei-do-triunfo tag-mastermind tag-pensamento-preciso tag-personalidade-agradavel tag-sucesso\">\n\t\t\t\t<a class=\"elementor-post__thumbnail__link\" href=\"https:\/\/pausaprocafeoficial.com.br\/en\/why-car-subscription-services-are-rapidly-gaining-popularity\/\" tabindex=\"-1\" >\n\t\t\t<div class=\"elementor-post__thumbnail\"><img decoding=\"async\" width=\"202\" height=\"300\" src=\"https:\/\/pausaprocafeoficial.com.br\/wp-content\/uploads\/2025\/01\/123-202x300.jpg\" class=\"attachment-medium size-medium wp-image-1085\" alt=\"\" srcset=\"https:\/\/pausaprocafeoficial.com.br\/wp-content\/uploads\/2025\/01\/123-202x300.jpg 202w, https:\/\/pausaprocafeoficial.com.br\/wp-content\/uploads\/2025\/01\/123.jpg 673w\" sizes=\"(max-width: 202px) 100vw, 202px\" \/><\/div>\n\t\t<\/a>\n\t\t\t\t<div class=\"elementor-post__text\">\n\t\t\t\t<\/div>\n\t\t\t\t<\/article>\n\t\t\t\t<\/div>\n\t\t\n\t\t\t\t\t\t<\/div>\n\t\t\t\t<\/div>\n\t\t\t\t\t<\/div>\n\t\t\t\t<\/div>\n\t\t<div class=\"elementor-element elementor-element-4c33fba e-flex e-con-boxed wpr-particle-no wpr-jarallax-no wpr-parallax-no wpr-sticky-section-no wpr-equal-height-no e-con e-parent\" data-id=\"4c33fba\" data-element_type=\"container\" data-e-type=\"container\" data-settings=\"{&quot;background_background&quot;:&quot;classic&quot;}\">\n\t\t\t\t\t<div class=\"e-con-inner\">\n\t\t\t\t<div class=\"elementor-element elementor-element-ede1717 elementor-widget elementor-widget-heading\" data-id=\"ede1717\" data-element_type=\"widget\" data-e-type=\"widget\" data-widget_type=\"heading.default\">\n\t\t\t\t<div class=\"elementor-widget-container\">\n\t\t\t\t\t<h2 class=\"elementor-heading-title elementor-size-default\">MENTALIDADE FINANCEIRA<\/h2>\t\t\t\t<\/div>\n\t\t\t\t<\/div>\n\t\t\t\t<div class=\"elementor-element elementor-element-e10b868 elementor-grid-4 elementor-grid-tablet-2 elementor-grid-mobile-1 elementor-posts--thumbnail-top elementor-widget elementor-widget-posts\" data-id=\"e10b868\" data-element_type=\"widget\" data-e-type=\"widget\" data-settings=\"{&quot;classic_columns&quot;:&quot;4&quot;,&quot;classic_columns_tablet&quot;:&quot;2&quot;,&quot;classic_columns_mobile&quot;:&quot;1&quot;,&quot;classic_row_gap&quot;:{&quot;unit&quot;:&quot;px&quot;,&quot;size&quot;:35,&quot;sizes&quot;:[]},&quot;classic_row_gap_laptop&quot;:{&quot;unit&quot;:&quot;px&quot;,&quot;size&quot;:&quot;&quot;,&quot;sizes&quot;:[]},&quot;classic_row_gap_tablet&quot;:{&quot;unit&quot;:&quot;px&quot;,&quot;size&quot;:&quot;&quot;,&quot;sizes&quot;:[]},&quot;classic_row_gap_mobile&quot;:{&quot;unit&quot;:&quot;px&quot;,&quot;size&quot;:&quot;&quot;,&quot;sizes&quot;:[]}}\" data-widget_type=\"posts.classic\">\n\t\t\t\t<div class=\"elementor-widget-container\">\n\t\t\t\t\t\t\t<div class=\"elementor-posts-container elementor-posts elementor-posts--skin-classic elementor-grid\">\n\t\t\t\t<article class=\"elementor-post elementor-grid-item post-1062 post type-post status-publish format-standard has-post-thumbnail hentry category-desenvolvimento-pessoal category-filosofia-e-reflexoes category-historias-de-sucesso category-mentalidade-e-crescimento category-mentalidade-financeira tag-acao tag-autoconfianca tag-autocontrole tag-clareza-de-proposito tag-concentracao tag-entusiasmo tag-fazer-mais-do-que-o-pago tag-imaginacao tag-iniciativa tag-lideranca tag-napoleon-hill tag-pensamento-preciso tag-personalidade-magnetica tag-sucesso\">\n\t\t\t\t<a class=\"elementor-post__thumbnail__link\" href=\"https:\/\/pausaprocafeoficial.com.br\/en\/as-16-leis-do-sucesso-napoleon-hill\/\" tabindex=\"-1\" >\n\t\t\t<div class=\"elementor-post__thumbnail\"><img fetchpriority=\"high\" decoding=\"async\" width=\"199\" height=\"300\" src=\"https:\/\/pausaprocafeoficial.com.br\/wp-content\/uploads\/2025\/05\/345-199x300.jpg\" class=\"attachment-medium size-medium wp-image-1087\" alt=\"\" srcset=\"https:\/\/pausaprocafeoficial.com.br\/wp-content\/uploads\/2025\/05\/345-199x300.jpg 199w, https:\/\/pausaprocafeoficial.com.br\/wp-content\/uploads\/2025\/05\/345.jpg 662w\" sizes=\"(max-width: 199px) 100vw, 199px\" \/><\/div>\n\t\t<\/a>\n\t\t\t\t<div class=\"elementor-post__text\">\n\t\t\t\t<\/div>\n\t\t\t\t<\/article>\n\t\t\t\t<article class=\"elementor-post elementor-grid-item post-70 post type-post status-publish format-standard has-post-thumbnail hentry category-desenvolvimento-pessoal category-licoes-de-vida category-mentalidade-e-crescimento category-mentalidade-financeira category-produtividade-e-gestao-do-tempo tag-acao tag-autoconfianca tag-autocontrole tag-clareza-de-proposito tag-lei-do-triunfo tag-mastermind tag-pensamento-preciso tag-personalidade-agradavel tag-sucesso\">\n\t\t\t\t<a class=\"elementor-post__thumbnail__link\" href=\"https:\/\/pausaprocafeoficial.com.br\/en\/why-car-subscription-services-are-rapidly-gaining-popularity\/\" tabindex=\"-1\" >\n\t\t\t<div class=\"elementor-post__thumbnail\"><img decoding=\"async\" width=\"202\" height=\"300\" src=\"https:\/\/pausaprocafeoficial.com.br\/wp-content\/uploads\/2025\/01\/123-202x300.jpg\" class=\"attachment-medium size-medium wp-image-1085\" alt=\"\" srcset=\"https:\/\/pausaprocafeoficial.com.br\/wp-content\/uploads\/2025\/01\/123-202x300.jpg 202w, https:\/\/pausaprocafeoficial.com.br\/wp-content\/uploads\/2025\/01\/123.jpg 673w\" sizes=\"(max-width: 202px) 100vw, 202px\" \/><\/div>\n\t\t<\/a>\n\t\t\t\t<div class=\"elementor-post__text\">\n\t\t\t\t<\/div>\n\t\t\t\t<\/article>\n\t\t\t\t<\/div>\n\t\t\n\t\t\t\t\t\t<\/div>\n\t\t\t\t<\/div>\n\t\t\t\t\t<\/div>\n\t\t\t\t<\/div>\n\t\t<div class=\"elementor-element elementor-element-993e90f e-flex e-con-boxed wpr-particle-no wpr-jarallax-no wpr-parallax-no wpr-sticky-section-no wpr-equal-height-no e-con e-parent\" data-id=\"993e90f\" data-element_type=\"container\" data-e-type=\"container\" data-settings=\"{&quot;background_background&quot;:&quot;classic&quot;}\">\n\t\t\t\t\t<div class=\"e-con-inner\">\n\t\t\t\t<div class=\"elementor-element elementor-element-3159713 elementor-widget elementor-widget-heading\" data-id=\"3159713\" data-element_type=\"widget\" data-e-type=\"widget\" data-widget_type=\"heading.default\">\n\t\t\t\t<div class=\"elementor-widget-container\">\n\t\t\t\t\t<h2 class=\"elementor-heading-title elementor-size-default\">COMO ECONOMIZAR E INVESTIR<\/h2>\t\t\t\t<\/div>\n\t\t\t\t<\/div>\n\t\t\t\t\t<\/div>\n\t\t\t\t<\/div>\n\t\t<div class=\"elementor-element elementor-element-e61ca37 e-flex e-con-boxed wpr-particle-no wpr-jarallax-no wpr-parallax-no wpr-sticky-section-no wpr-equal-height-no e-con e-parent\" data-id=\"e61ca37\" data-element_type=\"container\" data-e-type=\"container\" data-settings=\"{&quot;background_background&quot;:&quot;classic&quot;}\">\n\t\t\t\t\t<div class=\"e-con-inner\">\n\t\t\t\t<div class=\"elementor-element elementor-element-1c489c9 elementor-widget elementor-widget-heading\" data-id=\"1c489c9\" data-element_type=\"widget\" data-e-type=\"widget\" data-widget_type=\"heading.default\">\n\t\t\t\t<div class=\"elementor-widget-container\">\n\t\t\t\t\t<h2 class=\"elementor-heading-title elementor-size-default\">RENDA EXTRA E EMPREENDIMENTO<\/h2>\t\t\t\t<\/div>\n\t\t\t\t<\/div>\n\t\t\t\t\t<\/div>\n\t\t\t\t<\/div>\n\t\t\t\t<\/div>","protected":false},"excerpt":{"rendered":"<p>FINAN\u00c7AS E INVESTIMENTO MENTALIDADE FINANCEIRA COMO ECONOMIZAR E INVESTIR RENDA EXTRA E EMPREENDIMENTO<\/p>","protected":false},"author":1,"featured_media":0,"parent":0,"menu_order":0,"comment_status":"closed","ping_status":"closed","template":"","meta":{"googlesitekit_rrm_CAowhsLbCw:productID":"","footnotes":""},"class_list":["post-1129","page","type-page","status-publish","hentry"],"yoast_head":"<!-- This site is optimized with the Yoast SEO plugin v27.2 - https:\/\/yoast.com\/product\/yoast-seo-wordpress\/ -->\n<title>FINAN\u00c7AS E INVESTIMENTOS - Pausa Pro Caf\u00e9<\/title>\n<meta name=\"robots\" content=\"index, follow, max-snippet:-1, max-image-preview:large, max-video-preview:-1\" \/>\n<link rel=\"canonical\" href=\"https:\/\/pausaprocafeoficial.com.br\/en\/aaaa\/\" \/>\n<meta property=\"og:locale\" content=\"en_US\" \/>\n<meta property=\"og:type\" content=\"article\" \/>\n<meta property=\"og:title\" content=\"FINAN\u00c7AS E INVESTIMENTOS - Pausa Pro Caf\u00e9\" \/>\n<meta property=\"og:description\" content=\"FINAN\u00c7AS E INVESTIMENTO MENTALIDADE FINANCEIRA COMO ECONOMIZAR E INVESTIR RENDA EXTRA E EMPREENDIMENTO\" \/>\n<meta property=\"og:url\" content=\"https:\/\/pausaprocafeoficial.com.br\/en\/aaaa\/\" \/>\n<meta property=\"og:site_name\" content=\"Pausa Pro Caf\u00e9\" \/>\n<meta property=\"article:modified_time\" content=\"2025-07-14T19:32:17+00:00\" \/>\n<meta name=\"twitter:card\" content=\"summary_large_image\" \/>\n<meta name=\"twitter:label1\" content=\"Est. reading time\" \/>\n\t<meta name=\"twitter:data1\" content=\"1 minute\" \/>\n<script type=\"application\/ld+json\" class=\"yoast-schema-graph\">{\"@context\":\"https:\/\/schema.org\",\"@graph\":[{\"@type\":\"WebPage\",\"@id\":\"https:\/\/pausaprocafeoficial.com.br\/aaaa\/\",\"url\":\"https:\/\/pausaprocafeoficial.com.br\/aaaa\/\",\"name\":\"FINAN\u00c7AS E INVESTIMENTOS - Pausa Pro Caf\u00e9\",\"isPartOf\":{\"@id\":\"https:\/\/pausaprocafeoficial.com.br\/#website\"},\"datePublished\":\"2025-05-15T18:52:07+00:00\",\"dateModified\":\"2025-07-14T19:32:17+00:00\",\"breadcrumb\":{\"@id\":\"https:\/\/pausaprocafeoficial.com.br\/aaaa\/#breadcrumb\"},\"inLanguage\":\"en-US\",\"potentialAction\":[{\"@type\":\"ReadAction\",\"target\":[\"https:\/\/pausaprocafeoficial.com.br\/aaaa\/\"]}]},{\"@type\":\"BreadcrumbList\",\"@id\":\"https:\/\/pausaprocafeoficial.com.br\/aaaa\/#breadcrumb\",\"itemListElement\":[{\"@type\":\"ListItem\",\"position\":1,\"name\":\"Home\",\"item\":\"https:\/\/pausaprocafeoficial.com.br\/\"},{\"@type\":\"ListItem\",\"position\":2,\"name\":\"FINAN\u00c7AS E INVESTIMENTOS\"}]},{\"@type\":\"WebSite\",\"@id\":\"https:\/\/pausaprocafeoficial.com.br\/#website\",\"url\":\"https:\/\/pausaprocafeoficial.com.br\/\",\"name\":\"Pausa Pro Caf\u00e9\",\"description\":\"O pausa pro caf\u00e9 \u00e9 o lugar onde conhecimento se transforma em a\u00e7\u00e3o. Toda semana, entregamos resumos diretos ao ponto dos livros mais impactantes do mundo, com linguagem acess\u00edvel, aplica\u00e7\u00e3o pr\u00e1tica e foco no que realmente importa: te fazer crescer. Se voc\u00ea busca desenvolvimento pessoal, produtividade, mentalidade ou estrat\u00e9gias de neg\u00f3cios, aqui \u00e9 seu ponto de partida.\",\"potentialAction\":[{\"@type\":\"SearchAction\",\"target\":{\"@type\":\"EntryPoint\",\"urlTemplate\":\"https:\/\/pausaprocafeoficial.com.br\/?s={search_term_string}\"},\"query-input\":{\"@type\":\"PropertyValueSpecification\",\"valueRequired\":true,\"valueName\":\"search_term_string\"}}],\"inLanguage\":\"en-US\"}]}<\/script>\n<!-- \/ Yoast SEO plugin. -->","yoast_head_json":{"title":"FINAN\u00c7AS E INVESTIMENTOS - Pausa Pro Caf\u00e9","robots":{"index":"index","follow":"follow","max-snippet":"max-snippet:-1","max-image-preview":"max-image-preview:large","max-video-preview":"max-video-preview:-1"},"canonical":"https:\/\/pausaprocafeoficial.com.br\/en\/aaaa\/","og_locale":"en_US","og_type":"article","og_title":"FINAN\u00c7AS E INVESTIMENTOS - Pausa Pro Caf\u00e9","og_description":"FINAN\u00c7AS E INVESTIMENTO MENTALIDADE FINANCEIRA COMO ECONOMIZAR E INVESTIR RENDA EXTRA E EMPREENDIMENTO","og_url":"https:\/\/pausaprocafeoficial.com.br\/en\/aaaa\/","og_site_name":"Pausa Pro Caf\u00e9","article_modified_time":"2025-07-14T19:32:17+00:00","twitter_card":"summary_large_image","twitter_misc":{"Est. reading time":"1 minute"},"schema":{"@context":"https:\/\/schema.org","@graph":[{"@type":"WebPage","@id":"https:\/\/pausaprocafeoficial.com.br\/aaaa\/","url":"https:\/\/pausaprocafeoficial.com.br\/aaaa\/","name":"FINAN\u00c7AS E INVESTIMENTOS - Pausa Pro Caf\u00e9","isPartOf":{"@id":"https:\/\/pausaprocafeoficial.com.br\/#website"},"datePublished":"2025-05-15T18:52:07+00:00","dateModified":"2025-07-14T19:32:17+00:00","breadcrumb":{"@id":"https:\/\/pausaprocafeoficial.com.br\/aaaa\/#breadcrumb"},"inLanguage":"en-US","potentialAction":[{"@type":"ReadAction","target":["https:\/\/pausaprocafeoficial.com.br\/aaaa\/"]}]},{"@type":"BreadcrumbList","@id":"https:\/\/pausaprocafeoficial.com.br\/aaaa\/#breadcrumb","itemListElement":[{"@type":"ListItem","position":1,"name":"Home","item":"https:\/\/pausaprocafeoficial.com.br\/"},{"@type":"ListItem","position":2,"name":"FINAN\u00c7AS E INVESTIMENTOS"}]},{"@type":"WebSite","@id":"https:\/\/pausaprocafeoficial.com.br\/#website","url":"https:\/\/pausaprocafeoficial.com.br\/","name":"Pausa Pro Caf\u00e9","description":"O pausa pro caf\u00e9 \u00e9 o lugar onde conhecimento se transforma em a\u00e7\u00e3o. Toda semana, entregamos resumos diretos ao ponto dos livros mais impactantes do mundo, com linguagem acess\u00edvel, aplica\u00e7\u00e3o pr\u00e1tica e foco no que realmente importa: te fazer crescer. Se voc\u00ea busca desenvolvimento pessoal, produtividade, mentalidade ou estrat\u00e9gias de neg\u00f3cios, aqui \u00e9 seu ponto de partida.","potentialAction":[{"@type":"SearchAction","target":{"@type":"EntryPoint","urlTemplate":"https:\/\/pausaprocafeoficial.com.br\/?s={search_term_string}"},"query-input":{"@type":"PropertyValueSpecification","valueRequired":true,"valueName":"search_term_string"}}],"inLanguage":"en-US"}]}},"_links":{"self":[{"href":"https:\/\/pausaprocafeoficial.com.br\/en\/wp-json\/wp\/v2\/pages\/1129","targetHints":{"allow":["GET"]}}],"collection":[{"href":"https:\/\/pausaprocafeoficial.com.br\/en\/wp-json\/wp\/v2\/pages"}],"about":[{"href":"https:\/\/pausaprocafeoficial.com.br\/en\/wp-json\/wp\/v2\/types\/page"}],"author":[{"embeddable":true,"href":"https:\/\/pausaprocafeoficial.com.br\/en\/wp-json\/wp\/v2\/users\/1"}],"replies":[{"embeddable":true,"href":"https:\/\/pausaprocafeoficial.com.br\/en\/wp-json\/wp\/v2\/comments?post=1129"}],"version-history":[{"count":27,"href":"https:\/\/pausaprocafeoficial.com.br\/en\/wp-json\/wp\/v2\/pages\/1129\/revisions"}],"predecessor-version":[{"id":3070,"href":"https:\/\/pausaprocafeoficial.com.br\/en\/wp-json\/wp\/v2\/pages\/1129\/revisions\/3070"}],"wp:attachment":[{"href":"https:\/\/pausaprocafeoficial.com.br\/en\/wp-json\/wp\/v2\/media?parent=1129"}],"curies":[{"name":"wp","href":"https:\/\/api.w.org\/{rel}","templated":true}]}}