{"id":1407,"date":"2025-05-19T13:50:17","date_gmt":"2025-05-19T13:50:17","guid":{"rendered":"https:\/\/pausaprocafeoficial.com.br\/?page_id=1407"},"modified":"2025-07-14T19:06:56","modified_gmt":"2025-07-14T19:06:56","slug":"termos-de-servico-pausa-pro-cafe","status":"publish","type":"page","link":"https:\/\/pausaprocafeoficial.com.br\/en\/termos-de-servico-pausa-pro-cafe\/","title":{"rendered":"Termos de Servi\u00e7o \u2013 Pausa pro Caf\u00e9"},"content":{"rendered":"<div data-elementor-type=\"wp-page\" data-elementor-id=\"1407\" class=\"elementor elementor-1407\" data-elementor-post-type=\"page\">\n\t\t\t\t<div class=\"elementor-element elementor-element-2543181 e-flex e-con-boxed wpr-particle-no wpr-jarallax-no wpr-parallax-no wpr-sticky-section-no wpr-equal-height-no e-con e-parent\" data-id=\"2543181\" data-element_type=\"container\" data-e-type=\"container\" data-settings=\"{&quot;background_background&quot;:&quot;classic&quot;}\">\n\t\t\t\t\t<div class=\"e-con-inner\">\n\t\t\t\t<div class=\"elementor-element elementor-element-789451dd elementor-widget elementor-widget-text-editor\" data-id=\"789451dd\" data-element_type=\"widget\" data-e-type=\"widget\" data-widget_type=\"text-editor.default\">\n\t\t\t\t<div class=\"elementor-widget-container\">\n\t\t\t\t\t\t\t\t\t\n<h1 class=\"wp-block-heading\">\u00a0<\/h1>\n\n<p><strong>\u00daltima atualiza\u00e7\u00e3o: 14\/07\/2025<\/strong><\/p>\n\n<p>Bem-vindo ao <strong>Pausa pro Caf\u00e9<\/strong>! Ao acessar nosso site <a href=\"https:\/\/pausaprocafeoficial.com.br\/en\/\">https:\/\/pausaprocafeoficial.com.br, <\/a>\u00a0voc\u00ea concorda com os termos e condi\u00e7\u00f5es descritos abaixo. Por favor, leia atentamente.<\/p>\n\n<h2 class=\"wp-block-heading\">1. Aceita\u00e7\u00e3o dos Termos<\/h2>\n\n<p>Ao acessar ou utilizar o site \u201cPausa pro Caf\u00e9\u201d, voc\u00ea concorda em cumprir estes Termos de Servi\u00e7o, bem como nossa <a class=\"\" href=\"#\">Pol\u00edtica de Privacidade<\/a> e demais pol\u00edticas aplic\u00e1veis. Se voc\u00ea n\u00e3o concorda com qualquer parte dos termos, por favor, n\u00e3o utilize este site.<\/p>\n\n<h2 class=\"wp-block-heading\">2. Descri\u00e7\u00e3o do Servi\u00e7o<\/h2>\n\n<p>O <strong>Pausa pro Caf\u00e9<\/strong> \u00e9 um blog dedicado \u00e0 cria\u00e7\u00e3o e compartilhamento de <strong>resumos de livros, reflex\u00f5es sobre desenvolvimento pessoal, produtividade, e cultura liter\u00e1ria<\/strong>. O conte\u00fado \u00e9 informativo e n\u00e3o substitui orienta\u00e7\u00e3o profissional, educacional ou psicol\u00f3gica.<\/p>\n\n<h2 class=\"wp-block-heading\">3. Uso do Conte\u00fado<\/h2>\n\n<p>Todo o conte\u00fado publicado neste blog, incluindo textos, imagens, \u00e1udios, v\u00eddeos, logotipo e identidade visual, \u00e9 protegido por direitos autorais conforme a Lei de Direitos Autorais (Lei n\u00ba 9.610\/98 \u2013 Brasil).<\/p>\n\n<p>Voc\u00ea pode:<\/p>\n\n<ul class=\"wp-block-list\">\n<li>Ler, compartilhar e indicar nosso conte\u00fado com atribui\u00e7\u00e3o de autoria e link para a fonte original;<\/li>\n\n<li>Utilizar trechos curtos em cita\u00e7\u00f5es, com cr\u00e9ditos e link.<\/li>\n<\/ul>\n\n<p>Voc\u00ea <strong>n\u00e3o pode<\/strong>:<\/p>\n\n<ul class=\"wp-block-list\">\n<li>Copiar integralmente, reproduzir, distribuir ou vender nosso conte\u00fado sem autoriza\u00e7\u00e3o por escrito;<\/li>\n\n<li>Usar nosso conte\u00fado para fins comerciais, republica\u00e7\u00e3o em sites automatizados ou pr\u00e1ticas de spam.<\/li>\n<\/ul>\n\n<h2 class=\"wp-block-heading\">4. Responsabilidade do Usu\u00e1rio<\/h2>\n\n<p>Ao acessar o site, voc\u00ea concorda em:<\/p>\n\n<ul class=\"wp-block-list\">\n<li>N\u00e3o violar leis vigentes;<\/li>\n\n<li>N\u00e3o praticar qualquer tipo de spam, coment\u00e1rios ofensivos ou comportamento abusivo;<\/li>\n\n<li>Fornecer informa\u00e7\u00f5es verdadeiras e corretas, caso solicitado em cadastros (newsletter, por exemplo).<\/li>\n<\/ul>\n\n<h2 class=\"wp-block-heading\">5. Coment\u00e1rios e Participa\u00e7\u00e3o<\/h2>\n\n<p>Os usu\u00e1rios s\u00e3o encorajados a comentar e interagir com nosso conte\u00fado, respeitando os seguintes crit\u00e9rios:<\/p>\n\n<ul class=\"wp-block-list\">\n<li>Coment\u00e1rios ofensivos, discriminat\u00f3rios, difamat\u00f3rios ou que incitem viol\u00eancia ser\u00e3o removidos;<\/li>\n\n<li>Reservamo-nos o direito de moderar ou excluir qualquer conte\u00fado sem aviso pr\u00e9vio;<\/li>\n\n<li>Ao comentar, voc\u00ea concede ao site o direito de exibir e armazenar sua participa\u00e7\u00e3o.<\/li>\n<\/ul>\n\n<h2 class=\"wp-block-heading\">6. Isen\u00e7\u00e3o de Responsabilidade<\/h2>\n\n<p>O conte\u00fado disponibilizado no <strong>Pausa pro Caf\u00e9<\/strong> \u00e9 elaborado com base em pesquisas e interpreta\u00e7\u00f5es pessoais. N\u00e3o garantimos resultados, lucros ou efeitos pr\u00e1ticos diretos decorrentes do uso das informa\u00e7\u00f5es publicadas.<\/p>\n\n<p>N\u00e3o nos responsabilizamos por:<\/p>\n\n<ul class=\"wp-block-list\">\n<li>Decis\u00f5es tomadas por leitores a partir de nossos conte\u00fados;<\/li>\n\n<li>Dano direto ou indireto decorrente do uso do site ou de seu conte\u00fado;<\/li>\n\n<li>Interrup\u00e7\u00f5es ou falhas t\u00e9cnicas que impe\u00e7am o acesso tempor\u00e1rio ao blog.<\/li>\n<\/ul>\n\n<h2 class=\"wp-block-heading\">7. Links Externos e Afiliados<\/h2>\n\n<p>Nosso blog pode conter <strong>links externos<\/strong> para outros sites e conte\u00fados de terceiros. N\u00e3o nos responsabilizamos pelo conte\u00fado, seguran\u00e7a ou pol\u00edticas de privacidade desses sites.<\/p>\n\n<p>Alguns desses links podem conter <strong>parcerias ou programas de afiliados<\/strong>, especialmente com plataformas como Amazon. Ao comprar por esses links, podemos receber uma comiss\u00e3o, sem custo adicional para voc\u00ea.<\/p>\n\n<h2 class=\"wp-block-heading\">8. Propriedade Intelectual<\/h2>\n\n<p>A marca <strong>Pausa pro Caf\u00e9<\/strong>, seu logotipo, elementos gr\u00e1ficos, slogan e identidade visual s\u00e3o de propriedade exclusiva do autor do projeto, n\u00e3o podendo ser utilizados ou reproduzidos sem autoriza\u00e7\u00e3o formal.<\/p>\n\n<h2 class=\"wp-block-heading\">9. Modifica\u00e7\u00f5es nos Termos<\/h2>\n\n<p>Estes Termos de Servi\u00e7o podem ser modificados a qualquer momento, sem aviso pr\u00e9vio. A vers\u00e3o mais atual estar\u00e1 sempre dispon\u00edvel nesta p\u00e1gina. O uso cont\u00ednuo do blog ap\u00f3s altera\u00e7\u00f5es constitui aceita\u00e7\u00e3o t\u00e1cita dos novos termos.<\/p>\n\n<h2 class=\"wp-block-heading\">10. Lei Aplic\u00e1vel<\/h2>\n\n<p>Este site \u00e9 operado a partir do Brasil e est\u00e1 sujeito \u00e0s leis brasileiras. Em caso de disputa judicial, o foro competente ser\u00e1 o da comarca do propriet\u00e1rio do blog.<\/p>\n\n<h2 class=\"wp-block-heading\">11. Contato<\/h2>\n\n<p>Se voc\u00ea tiver d\u00favidas ou quiser solicitar autoriza\u00e7\u00e3o para uso do conte\u00fado, entre em contato pelo e-mail:<\/p>\n<p><strong><a>contato@pausaprocafeoficial.com.br<\/a><\/strong><\/p>\n\n<p>\u00a0<\/p>\n\t\t\t\t\t\t\t\t<\/div>\n\t\t\t\t<\/div>\n\t\t\t\t\t<\/div>\n\t\t\t\t<\/div>\n\t\t\t\t<\/div>","protected":false},"excerpt":{"rendered":"<p>\u00a0 \u00daltima atualiza\u00e7\u00e3o: 14\/07\/2025 Bem-vindo ao Pausa pro Caf\u00e9! Ao acessar nosso site https:\/\/pausaprocafeoficial.com.br, \u00a0voc\u00ea concorda com os termos e condi\u00e7\u00f5es descritos abaixo. Por favor, leia atentamente. Ao acessar ou utilizar o site \u201cPausa pro Caf\u00e9\u201d, voc\u00ea concorda em cumprir estes Termos de Servi\u00e7o, bem como nossa Pol\u00edtica de Privacidade e demais pol\u00edticas aplic\u00e1veis. Se voc\u00ea n\u00e3o concorda com qualquer parte dos termos, por favor, n\u00e3o utilize este site. O Pausa pro Caf\u00e9 \u00e9 um blog dedicado \u00e0 cria\u00e7\u00e3o e compartilhamento de resumos de livros, reflex\u00f5es sobre desenvolvimento pessoal, produtividade, e cultura liter\u00e1ria. O conte\u00fado \u00e9 informativo e n\u00e3o substitui orienta\u00e7\u00e3o profissional, educacional ou psicol\u00f3gica. Todo o conte\u00fado publicado neste blog, incluindo textos, imagens, \u00e1udios, v\u00eddeos, logotipo e identidade visual, \u00e9 protegido por direitos autorais conforme a Lei de Direitos Autorais (Lei n\u00ba 9.610\/98 \u2013 Brasil). Voc\u00ea pode: Voc\u00ea n\u00e3o pode: Ao acessar o site, voc\u00ea concorda em: Os usu\u00e1rios s\u00e3o encorajados a comentar e interagir com nosso conte\u00fado, respeitando os seguintes crit\u00e9rios: O conte\u00fado disponibilizado no Pausa pro Caf\u00e9 \u00e9 elaborado com base em pesquisas e interpreta\u00e7\u00f5es pessoais. N\u00e3o garantimos resultados, lucros ou efeitos pr\u00e1ticos diretos decorrentes do uso das informa\u00e7\u00f5es publicadas. N\u00e3o nos responsabilizamos por: Nosso blog pode conter links externos para outros sites e conte\u00fados de terceiros. N\u00e3o nos responsabilizamos pelo conte\u00fado, seguran\u00e7a ou pol\u00edticas de privacidade desses sites. Alguns desses links podem conter parcerias ou programas de afiliados, especialmente com plataformas como Amazon. Ao comprar por esses links, podemos receber uma comiss\u00e3o, sem custo adicional para voc\u00ea. A marca Pausa pro Caf\u00e9, seu logotipo, elementos gr\u00e1ficos, slogan e identidade visual s\u00e3o de propriedade exclusiva do autor do projeto, n\u00e3o podendo ser utilizados ou reproduzidos sem autoriza\u00e7\u00e3o formal. Estes Termos de Servi\u00e7o podem ser modificados a qualquer momento, sem aviso pr\u00e9vio. A vers\u00e3o mais atual estar\u00e1 sempre dispon\u00edvel nesta p\u00e1gina. O uso cont\u00ednuo do blog ap\u00f3s altera\u00e7\u00f5es constitui aceita\u00e7\u00e3o t\u00e1cita dos novos termos. Este site \u00e9 operado a partir do Brasil e est\u00e1 sujeito \u00e0s leis brasileiras. Em caso de disputa judicial, o foro competente ser\u00e1 o da comarca do propriet\u00e1rio do blog. Se voc\u00ea tiver d\u00favidas ou quiser solicitar autoriza\u00e7\u00e3o para uso do conte\u00fado, entre em contato pelo e-mail: contato@pausaprocafeoficial.com.br \u00a0<\/p>","protected":false},"author":1,"featured_media":0,"parent":0,"menu_order":0,"comment_status":"closed","ping_status":"closed","template":"","meta":{"googlesitekit_rrm_CAowhsLbCw:productID":"","footnotes":""},"class_list":["post-1407","page","type-page","status-publish","hentry"],"yoast_head":"<!-- This site is optimized with the Yoast SEO plugin v27.2 - https:\/\/yoast.com\/product\/yoast-seo-wordpress\/ -->\n<title>Termos de Servi\u00e7o \u2013 Pausa pro Caf\u00e9 - Pausa Pro Caf\u00e9<\/title>\n<meta name=\"robots\" content=\"index, follow, max-snippet:-1, max-image-preview:large, max-video-preview:-1\" \/>\n<link rel=\"canonical\" href=\"https:\/\/pausaprocafeoficial.com.br\/en\/termos-de-servico-pausa-pro-cafe\/\" \/>\n<meta property=\"og:locale\" content=\"en_US\" \/>\n<meta property=\"og:type\" content=\"article\" \/>\n<meta property=\"og:title\" content=\"Termos de Servi\u00e7o \u2013 Pausa pro Caf\u00e9 - Pausa Pro Caf\u00e9\" \/>\n<meta property=\"og:description\" content=\"\u00a0 \u00daltima atualiza\u00e7\u00e3o: 14\/07\/2025 Bem-vindo ao Pausa pro Caf\u00e9! Ao acessar nosso site https:\/\/pausaprocafeoficial.com.br, \u00a0voc\u00ea concorda com os termos e condi\u00e7\u00f5es descritos abaixo. Por favor, leia atentamente. Ao acessar ou utilizar o site \u201cPausa pro Caf\u00e9\u201d, voc\u00ea concorda em cumprir estes Termos de Servi\u00e7o, bem como nossa Pol\u00edtica de Privacidade e demais pol\u00edticas aplic\u00e1veis. Se voc\u00ea n\u00e3o concorda com qualquer parte dos termos, por favor, n\u00e3o utilize este site. O Pausa pro Caf\u00e9 \u00e9 um blog dedicado \u00e0 cria\u00e7\u00e3o e compartilhamento de resumos de livros, reflex\u00f5es sobre desenvolvimento pessoal, produtividade, e cultura liter\u00e1ria. O conte\u00fado \u00e9 informativo e n\u00e3o substitui orienta\u00e7\u00e3o profissional, educacional ou psicol\u00f3gica. Todo o conte\u00fado publicado neste blog, incluindo textos, imagens, \u00e1udios, v\u00eddeos, logotipo e identidade visual, \u00e9 protegido por direitos autorais conforme a Lei de Direitos Autorais (Lei n\u00ba 9.610\/98 \u2013 Brasil). Voc\u00ea pode: Voc\u00ea n\u00e3o pode: Ao acessar o site, voc\u00ea concorda em: Os usu\u00e1rios s\u00e3o encorajados a comentar e interagir com nosso conte\u00fado, respeitando os seguintes crit\u00e9rios: O conte\u00fado disponibilizado no Pausa pro Caf\u00e9 \u00e9 elaborado com base em pesquisas e interpreta\u00e7\u00f5es pessoais. N\u00e3o garantimos resultados, lucros ou efeitos pr\u00e1ticos diretos decorrentes do uso das informa\u00e7\u00f5es publicadas. N\u00e3o nos responsabilizamos por: Nosso blog pode conter links externos para outros sites e conte\u00fados de terceiros. N\u00e3o nos responsabilizamos pelo conte\u00fado, seguran\u00e7a ou pol\u00edticas de privacidade desses sites. Alguns desses links podem conter parcerias ou programas de afiliados, especialmente com plataformas como Amazon. Ao comprar por esses links, podemos receber uma comiss\u00e3o, sem custo adicional para voc\u00ea. A marca Pausa pro Caf\u00e9, seu logotipo, elementos gr\u00e1ficos, slogan e identidade visual s\u00e3o de propriedade exclusiva do autor do projeto, n\u00e3o podendo ser utilizados ou reproduzidos sem autoriza\u00e7\u00e3o formal. Estes Termos de Servi\u00e7o podem ser modificados a qualquer momento, sem aviso pr\u00e9vio. A vers\u00e3o mais atual estar\u00e1 sempre dispon\u00edvel nesta p\u00e1gina. O uso cont\u00ednuo do blog ap\u00f3s altera\u00e7\u00f5es constitui aceita\u00e7\u00e3o t\u00e1cita dos novos termos. Este site \u00e9 operado a partir do Brasil e est\u00e1 sujeito \u00e0s leis brasileiras. Em caso de disputa judicial, o foro competente ser\u00e1 o da comarca do propriet\u00e1rio do blog. Se voc\u00ea tiver d\u00favidas ou quiser solicitar autoriza\u00e7\u00e3o para uso do conte\u00fado, entre em contato pelo e-mail: contato@pausaprocafeoficial.com.br \u00a0\" \/>\n<meta property=\"og:url\" content=\"https:\/\/pausaprocafeoficial.com.br\/en\/termos-de-servico-pausa-pro-cafe\/\" \/>\n<meta property=\"og:site_name\" content=\"Pausa Pro Caf\u00e9\" \/>\n<meta property=\"article:modified_time\" content=\"2025-07-14T19:06:56+00:00\" \/>\n<meta name=\"twitter:card\" content=\"summary_large_image\" \/>\n<meta name=\"twitter:label1\" content=\"Est. reading time\" \/>\n\t<meta name=\"twitter:data1\" content=\"4 minutes\" \/>\n<script type=\"application\/ld+json\" class=\"yoast-schema-graph\">{\"@context\":\"https:\/\/schema.org\",\"@graph\":[{\"@type\":\"WebPage\",\"@id\":\"https:\/\/pausaprocafeoficial.com.br\/termos-de-servico-pausa-pro-cafe\/\",\"url\":\"https:\/\/pausaprocafeoficial.com.br\/termos-de-servico-pausa-pro-cafe\/\",\"name\":\"Termos de Servi\u00e7o \u2013 Pausa pro Caf\u00e9 - Pausa Pro Caf\u00e9\",\"isPartOf\":{\"@id\":\"https:\/\/pausaprocafeoficial.com.br\/#website\"},\"datePublished\":\"2025-05-19T13:50:17+00:00\",\"dateModified\":\"2025-07-14T19:06:56+00:00\",\"breadcrumb\":{\"@id\":\"https:\/\/pausaprocafeoficial.com.br\/termos-de-servico-pausa-pro-cafe\/#breadcrumb\"},\"inLanguage\":\"en-US\",\"potentialAction\":[{\"@type\":\"ReadAction\",\"target\":[\"https:\/\/pausaprocafeoficial.com.br\/termos-de-servico-pausa-pro-cafe\/\"]}]},{\"@type\":\"BreadcrumbList\",\"@id\":\"https:\/\/pausaprocafeoficial.com.br\/termos-de-servico-pausa-pro-cafe\/#breadcrumb\",\"itemListElement\":[{\"@type\":\"ListItem\",\"position\":1,\"name\":\"Home\",\"item\":\"https:\/\/pausaprocafeoficial.com.br\/\"},{\"@type\":\"ListItem\",\"position\":2,\"name\":\"Termos de Servi\u00e7o \u2013 Pausa pro Caf\u00e9\"}]},{\"@type\":\"WebSite\",\"@id\":\"https:\/\/pausaprocafeoficial.com.br\/#website\",\"url\":\"https:\/\/pausaprocafeoficial.com.br\/\",\"name\":\"Pausa Pro Caf\u00e9\",\"description\":\"O pausa pro caf\u00e9 \u00e9 o lugar onde conhecimento se transforma em a\u00e7\u00e3o. Toda semana, entregamos resumos diretos ao ponto dos livros mais impactantes do mundo, com linguagem acess\u00edvel, aplica\u00e7\u00e3o pr\u00e1tica e foco no que realmente importa: te fazer crescer. Se voc\u00ea busca desenvolvimento pessoal, produtividade, mentalidade ou estrat\u00e9gias de neg\u00f3cios, aqui \u00e9 seu ponto de partida.\",\"potentialAction\":[{\"@type\":\"SearchAction\",\"target\":{\"@type\":\"EntryPoint\",\"urlTemplate\":\"https:\/\/pausaprocafeoficial.com.br\/?s={search_term_string}\"},\"query-input\":{\"@type\":\"PropertyValueSpecification\",\"valueRequired\":true,\"valueName\":\"search_term_string\"}}],\"inLanguage\":\"en-US\"}]}<\/script>\n<!-- \/ Yoast SEO plugin. -->","yoast_head_json":{"title":"Termos de Servi\u00e7o \u2013 Pausa pro Caf\u00e9 - Pausa Pro Caf\u00e9","robots":{"index":"index","follow":"follow","max-snippet":"max-snippet:-1","max-image-preview":"max-image-preview:large","max-video-preview":"max-video-preview:-1"},"canonical":"https:\/\/pausaprocafeoficial.com.br\/en\/termos-de-servico-pausa-pro-cafe\/","og_locale":"en_US","og_type":"article","og_title":"Termos de Servi\u00e7o \u2013 Pausa pro Caf\u00e9 - Pausa Pro Caf\u00e9","og_description":"\u00a0 \u00daltima atualiza\u00e7\u00e3o: 14\/07\/2025 Bem-vindo ao Pausa pro Caf\u00e9! Ao acessar nosso site https:\/\/pausaprocafeoficial.com.br, \u00a0voc\u00ea concorda com os termos e condi\u00e7\u00f5es descritos abaixo. Por favor, leia atentamente. Ao acessar ou utilizar o site \u201cPausa pro Caf\u00e9\u201d, voc\u00ea concorda em cumprir estes Termos de Servi\u00e7o, bem como nossa Pol\u00edtica de Privacidade e demais pol\u00edticas aplic\u00e1veis. Se voc\u00ea n\u00e3o concorda com qualquer parte dos termos, por favor, n\u00e3o utilize este site. O Pausa pro Caf\u00e9 \u00e9 um blog dedicado \u00e0 cria\u00e7\u00e3o e compartilhamento de resumos de livros, reflex\u00f5es sobre desenvolvimento pessoal, produtividade, e cultura liter\u00e1ria. O conte\u00fado \u00e9 informativo e n\u00e3o substitui orienta\u00e7\u00e3o profissional, educacional ou psicol\u00f3gica. Todo o conte\u00fado publicado neste blog, incluindo textos, imagens, \u00e1udios, v\u00eddeos, logotipo e identidade visual, \u00e9 protegido por direitos autorais conforme a Lei de Direitos Autorais (Lei n\u00ba 9.610\/98 \u2013 Brasil). Voc\u00ea pode: Voc\u00ea n\u00e3o pode: Ao acessar o site, voc\u00ea concorda em: Os usu\u00e1rios s\u00e3o encorajados a comentar e interagir com nosso conte\u00fado, respeitando os seguintes crit\u00e9rios: O conte\u00fado disponibilizado no Pausa pro Caf\u00e9 \u00e9 elaborado com base em pesquisas e interpreta\u00e7\u00f5es pessoais. N\u00e3o garantimos resultados, lucros ou efeitos pr\u00e1ticos diretos decorrentes do uso das informa\u00e7\u00f5es publicadas. N\u00e3o nos responsabilizamos por: Nosso blog pode conter links externos para outros sites e conte\u00fados de terceiros. N\u00e3o nos responsabilizamos pelo conte\u00fado, seguran\u00e7a ou pol\u00edticas de privacidade desses sites. Alguns desses links podem conter parcerias ou programas de afiliados, especialmente com plataformas como Amazon. Ao comprar por esses links, podemos receber uma comiss\u00e3o, sem custo adicional para voc\u00ea. A marca Pausa pro Caf\u00e9, seu logotipo, elementos gr\u00e1ficos, slogan e identidade visual s\u00e3o de propriedade exclusiva do autor do projeto, n\u00e3o podendo ser utilizados ou reproduzidos sem autoriza\u00e7\u00e3o formal. Estes Termos de Servi\u00e7o podem ser modificados a qualquer momento, sem aviso pr\u00e9vio. A vers\u00e3o mais atual estar\u00e1 sempre dispon\u00edvel nesta p\u00e1gina. O uso cont\u00ednuo do blog ap\u00f3s altera\u00e7\u00f5es constitui aceita\u00e7\u00e3o t\u00e1cita dos novos termos. Este site \u00e9 operado a partir do Brasil e est\u00e1 sujeito \u00e0s leis brasileiras. Em caso de disputa judicial, o foro competente ser\u00e1 o da comarca do propriet\u00e1rio do blog. Se voc\u00ea tiver d\u00favidas ou quiser solicitar autoriza\u00e7\u00e3o para uso do conte\u00fado, entre em contato pelo e-mail: contato@pausaprocafeoficial.com.br \u00a0","og_url":"https:\/\/pausaprocafeoficial.com.br\/en\/termos-de-servico-pausa-pro-cafe\/","og_site_name":"Pausa Pro Caf\u00e9","article_modified_time":"2025-07-14T19:06:56+00:00","twitter_card":"summary_large_image","twitter_misc":{"Est. reading time":"4 minutes"},"schema":{"@context":"https:\/\/schema.org","@graph":[{"@type":"WebPage","@id":"https:\/\/pausaprocafeoficial.com.br\/termos-de-servico-pausa-pro-cafe\/","url":"https:\/\/pausaprocafeoficial.com.br\/termos-de-servico-pausa-pro-cafe\/","name":"Termos de Servi\u00e7o \u2013 Pausa pro Caf\u00e9 - Pausa Pro Caf\u00e9","isPartOf":{"@id":"https:\/\/pausaprocafeoficial.com.br\/#website"},"datePublished":"2025-05-19T13:50:17+00:00","dateModified":"2025-07-14T19:06:56+00:00","breadcrumb":{"@id":"https:\/\/pausaprocafeoficial.com.br\/termos-de-servico-pausa-pro-cafe\/#breadcrumb"},"inLanguage":"en-US","potentialAction":[{"@type":"ReadAction","target":["https:\/\/pausaprocafeoficial.com.br\/termos-de-servico-pausa-pro-cafe\/"]}]},{"@type":"BreadcrumbList","@id":"https:\/\/pausaprocafeoficial.com.br\/termos-de-servico-pausa-pro-cafe\/#breadcrumb","itemListElement":[{"@type":"ListItem","position":1,"name":"Home","item":"https:\/\/pausaprocafeoficial.com.br\/"},{"@type":"ListItem","position":2,"name":"Termos de Servi\u00e7o \u2013 Pausa pro Caf\u00e9"}]},{"@type":"WebSite","@id":"https:\/\/pausaprocafeoficial.com.br\/#website","url":"https:\/\/pausaprocafeoficial.com.br\/","name":"Pausa Pro Caf\u00e9","description":"O pausa pro caf\u00e9 \u00e9 o lugar onde conhecimento se transforma em a\u00e7\u00e3o. Toda semana, entregamos resumos diretos ao ponto dos livros mais impactantes do mundo, com linguagem acess\u00edvel, aplica\u00e7\u00e3o pr\u00e1tica e foco no que realmente importa: te fazer crescer. Se voc\u00ea busca desenvolvimento pessoal, produtividade, mentalidade ou estrat\u00e9gias de neg\u00f3cios, aqui \u00e9 seu ponto de partida.","potentialAction":[{"@type":"SearchAction","target":{"@type":"EntryPoint","urlTemplate":"https:\/\/pausaprocafeoficial.com.br\/?s={search_term_string}"},"query-input":{"@type":"PropertyValueSpecification","valueRequired":true,"valueName":"search_term_string"}}],"inLanguage":"en-US"}]}},"_links":{"self":[{"href":"https:\/\/pausaprocafeoficial.com.br\/en\/wp-json\/wp\/v2\/pages\/1407","targetHints":{"allow":["GET"]}}],"collection":[{"href":"https:\/\/pausaprocafeoficial.com.br\/en\/wp-json\/wp\/v2\/pages"}],"about":[{"href":"https:\/\/pausaprocafeoficial.com.br\/en\/wp-json\/wp\/v2\/types\/page"}],"author":[{"embeddable":true,"href":"https:\/\/pausaprocafeoficial.com.br\/en\/wp-json\/wp\/v2\/users\/1"}],"replies":[{"embeddable":true,"href":"https:\/\/pausaprocafeoficial.com.br\/en\/wp-json\/wp\/v2\/comments?post=1407"}],"version-history":[{"count":13,"href":"https:\/\/pausaprocafeoficial.com.br\/en\/wp-json\/wp\/v2\/pages\/1407\/revisions"}],"predecessor-version":[{"id":3011,"href":"https:\/\/pausaprocafeoficial.com.br\/en\/wp-json\/wp\/v2\/pages\/1407\/revisions\/3011"}],"wp:attachment":[{"href":"https:\/\/pausaprocafeoficial.com.br\/en\/wp-json\/wp\/v2\/media?parent=1407"}],"curies":[{"name":"wp","href":"https:\/\/api.w.org\/{rel}","templated":true}]}}